{"id":160,"date":"2025-12-19T10:37:59","date_gmt":"2025-12-19T08:37:59","guid":{"rendered":"https:\/\/cranop.competencex.fi\/lms\/ostoskori\/"},"modified":"2026-02-11T09:06:03","modified_gmt":"2026-02-11T07:06:03","slug":"ostoskori","status":"publish","type":"page","link":"https:\/\/cranop.competencex.fi\/lms\/ostoskori\/","title":{"rendered":"Ostoskori"},"content":{"rendered":"\n<div data-block-name=\"woocommerce\/cart\" class=\"wp-block-woocommerce-cart alignwide is-loading\">\n<div data-block-name=\"woocommerce\/filled-cart-block\" class=\"wp-block-woocommerce-filled-cart-block\">\n<div data-block-name=\"woocommerce\/cart-items-block\" class=\"wp-block-woocommerce-cart-items-block\">\n<div data-block-name=\"woocommerce\/cart-line-items-block\" class=\"wp-block-woocommerce-cart-line-items-block\"><\/div>\n\n\n<\/div>\n\n\n\n\n<div data-block-name=\"woocommerce\/cart-totals-block\" class=\"wp-block-woocommerce-cart-totals-block\">\n<div data-block-name=\"woocommerce\/cart-order-summary-block\" class=\"wp-block-woocommerce-cart-order-summary-block\">\n<div data-block-name=\"woocommerce\/cart-order-summary-heading-block\" class=\"wp-block-woocommerce-cart-order-summary-heading-block\"><\/div><div data-block-name=\"woocommerce\/cart-order-summary-coupon-form-block\" class=\"wp-block-woocommerce-cart-order-summary-coupon-form-block\"><\/div><div data-block-name=\"woocommerce\/cart-order-summary-totals-block\" class=\"wp-block-woocommerce-cart-order-summary-totals-block\">\n<div data-block-name=\"woocommerce\/cart-order-summary-subtotal-block\" class=\"wp-block-woocommerce-cart-order-summary-subtotal-block\"><\/div>\n<div data-block-name=\"woocommerce\/cart-order-summary-discount-block\" class=\"wp-block-woocommerce-cart-order-summary-discount-block\"><\/div>\n<div data-block-name=\"woocommerce\/cart-order-summary-fee-block\" class=\"wp-block-woocommerce-cart-order-summary-fee-block\"><\/div>\n<div data-block-name=\"woocommerce\/cart-order-summary-shipping-block\" class=\"wp-block-woocommerce-cart-order-summary-shipping-block\"><\/div>\n<div data-block-name=\"woocommerce\/cart-order-summary-taxes-block\" class=\"wp-block-woocommerce-cart-order-summary-taxes-block\"><\/div><\/div>\n<\/div>\n\n\n\n<div data-block-name=\"woocommerce\/cart-express-payment-block\" class=\"wp-block-woocommerce-cart-express-payment-block\"><\/div>\n\n\n\n<div data-block-name=\"woocommerce\/proceed-to-checkout-block\" class=\"wp-block-woocommerce-proceed-to-checkout-block\"><\/div>\n\n\n\n<div data-block-name=\"woocommerce\/cart-accepted-payment-methods-block\" class=\"wp-block-woocommerce-cart-accepted-payment-methods-block\"><\/div>\n<\/div>\n<\/div>\n\n\n\n<div data-block-name=\"woocommerce\/empty-cart-block\" class=\"wp-block-woocommerce-empty-cart-block\">\n<h2 class=\"wp-block-heading has-text-align-center with-empty-cart-icon wc-block-cart__empty-cart__title\">Ostoskorisi on tyhj\u00e4!<\/h2>\n\n\n\n<hr class=\"wp-block-separator has-alpha-channel-opacity is-style-dots\"\/>\n\n\n\n<h2 class=\"wp-block-heading has-text-align-center\">Uutta kaupassa<\/h2>\n\n\n<div data-block-name=\"woocommerce\/product-new\" data-columns=\"4\" data-rows=\"1\" class=\"wc-block-grid wp-block-product-new wp-block-woocommerce-product-new wc-block-product-new has-4-columns\"><ul class=\"wc-block-grid__products\"><li class=\"wc-block-grid__product\">\n\t\t\t\t<a href=\"https:\/\/cranop.competencex.fi\/lms\/tuote\/turvallinen-nostotyo-taakankiinnittajan-koulutus\/\" class=\"wc-block-grid__product-link\">\n\t\t\t\t\t\n\t\t\t\t\t<div class=\"wc-block-grid__product-image\"><img loading=\"lazy\" decoding=\"async\" width=\"300\" height=\"300\" src=\"https:\/\/cranop.competencex.fi\/lms\/wp-content\/uploads\/sites\/2\/2025\/12\/Markku_koukku-300x300.jpg\" class=\"attachment-woocommerce_thumbnail size-woocommerce_thumbnail\" alt=\"Turvallinen nostoty\u00f6 \u2014 taakankiinnitt\u00e4j\u00e4n koulutus\" srcset=\"https:\/\/cranop.competencex.fi\/lms\/wp-content\/uploads\/sites\/2\/2025\/12\/Markku_koukku-300x300.jpg 300w, https:\/\/cranop.competencex.fi\/lms\/wp-content\/uploads\/sites\/2\/2025\/12\/Markku_koukku-150x150.jpg 150w, https:\/\/cranop.competencex.fi\/lms\/wp-content\/uploads\/sites\/2\/2025\/12\/Markku_koukku-72x72.jpg 72w, https:\/\/cranop.competencex.fi\/lms\/wp-content\/uploads\/sites\/2\/2025\/12\/Markku_koukku-126x126.jpg 126w, https:\/\/cranop.competencex.fi\/lms\/wp-content\/uploads\/sites\/2\/2025\/12\/Markku_koukku-100x100.jpg 100w\" sizes=\"auto, (max-width: 300px) 100vw, 300px\" \/><\/div>\n\t\t\t\t\t<div class=\"wc-block-grid__product-title\">Turvallinen nostoty\u00f6 \u2014 taakankiinnitt\u00e4j\u00e4n koulutus<\/div>\n\t\t\t\t<\/a>\n\t\t\t\t<div class=\"wc-block-grid__product-price price\"><span class=\"woocommerce-Price-amount amount\">189,00&nbsp;<span class=\"woocommerce-Price-currencySymbol\">&euro;<\/span><\/span><\/div>\n\t\t\t\t\n\t\t\t\t<div class=\"wp-block-button wc-block-grid__product-add-to-cart\"><a href=\"\/lms\/wp-json\/wp\/v2\/pages\/160?add-to-cart=234\" aria-label=\"Lis\u00e4\u00e4 ostoskoriin: &ldquo;Turvallinen nostoty\u00f6 \u2014 taakankiinnitt\u00e4j\u00e4n koulutus&rdquo;\" data-quantity=\"1\" data-product_id=\"234\" data-product_sku=\"\" data-price=\"189\" rel=\"nofollow\" class=\"wp-block-button__link  add_to_cart_button ajax_add_to_cart\">Lis\u00e4\u00e4 ostoskoriin<\/a><\/div>\n\t\t\t<\/li><\/ul><\/div><\/div>\n<\/div>\n","protected":false},"excerpt":{"rendered":"","protected":false},"author":1,"featured_media":0,"parent":0,"menu_order":0,"comment_status":"closed","ping_status":"closed","template":"","meta":{"footnotes":""},"class_list":["post-160","page","type-page","status-publish","hentry"],"_links":{"self":[{"href":"https:\/\/cranop.competencex.fi\/lms\/wp-json\/wp\/v2\/pages\/160","targetHints":{"allow":["GET"]}}],"collection":[{"href":"https:\/\/cranop.competencex.fi\/lms\/wp-json\/wp\/v2\/pages"}],"about":[{"href":"https:\/\/cranop.competencex.fi\/lms\/wp-json\/wp\/v2\/types\/page"}],"author":[{"embeddable":true,"href":"https:\/\/cranop.competencex.fi\/lms\/wp-json\/wp\/v2\/users\/1"}],"replies":[{"embeddable":true,"href":"https:\/\/cranop.competencex.fi\/lms\/wp-json\/wp\/v2\/comments?post=160"}],"version-history":[{"count":1,"href":"https:\/\/cranop.competencex.fi\/lms\/wp-json\/wp\/v2\/pages\/160\/revisions"}],"predecessor-version":[{"id":738,"href":"https:\/\/cranop.competencex.fi\/lms\/wp-json\/wp\/v2\/pages\/160\/revisions\/738"}],"wp:attachment":[{"href":"https:\/\/cranop.competencex.fi\/lms\/wp-json\/wp\/v2\/media?parent=160"}],"curies":[{"name":"wp","href":"https:\/\/api.w.org\/{rel}","templated":true}]}}