{"id":2,"date":"2025-12-04T13:30:27","date_gmt":"2025-12-04T11:30:27","guid":{"rendered":"https:\/\/cranop.competencex.fi\/lms\/?page_id=2"},"modified":"2025-12-19T10:04:52","modified_gmt":"2025-12-19T08:04:52","slug":"index","status":"publish","type":"page","link":"https:\/\/cranop.competencex.fi\/lms\/","title":{"rendered":"Etusivu"},"content":{"rendered":"\n<figure class=\"wp-block-image size-full\"><img loading=\"lazy\" decoding=\"async\" width=\"526\" height=\"296\" src=\"https:\/\/cranop.competencex.fi\/lms\/wp-content\/uploads\/sites\/2\/2025\/12\/Cranop_logo.jpg\" alt=\"\" class=\"wp-image-121\" srcset=\"https:\/\/cranop.competencex.fi\/lms\/wp-content\/uploads\/sites\/2\/2025\/12\/Cranop_logo.jpg 526w, https:\/\/cranop.competencex.fi\/lms\/wp-content\/uploads\/sites\/2\/2025\/12\/Cranop_logo-300x169.jpg 300w, https:\/\/cranop.competencex.fi\/lms\/wp-content\/uploads\/sites\/2\/2025\/12\/Cranop_logo-252x142.jpg 252w, https:\/\/cranop.competencex.fi\/lms\/wp-content\/uploads\/sites\/2\/2025\/12\/Cranop_logo-522x294.jpg 522w\" sizes=\"auto, (max-width: 526px) 100vw, 526px\" \/><\/figure>\n\n\n\n<h2 class=\"wp-block-heading\" style=\"font-size:29px\">Tervetuloa Cranopin koulutusymp\u00e4rist\u00f6\u00f6n! <\/h2>\n\n\n\n<p class=\"has-medium-font-size\"><\/p>\n","protected":false},"excerpt":{"rendered":"<p>Tervetuloa Cranopin koulutusymp\u00e4rist\u00f6\u00f6n!<\/p>\n","protected":false},"author":1,"featured_media":0,"parent":0,"menu_order":0,"comment_status":"closed","ping_status":"open","template":"","meta":{"footnotes":""},"class_list":["post-2","page","type-page","status-publish","hentry"],"_links":{"self":[{"href":"https:\/\/cranop.competencex.fi\/lms\/wp-json\/wp\/v2\/pages\/2","targetHints":{"allow":["GET"]}}],"collection":[{"href":"https:\/\/cranop.competencex.fi\/lms\/wp-json\/wp\/v2\/pages"}],"about":[{"href":"https:\/\/cranop.competencex.fi\/lms\/wp-json\/wp\/v2\/types\/page"}],"author":[{"embeddable":true,"href":"https:\/\/cranop.competencex.fi\/lms\/wp-json\/wp\/v2\/users\/1"}],"replies":[{"embeddable":true,"href":"https:\/\/cranop.competencex.fi\/lms\/wp-json\/wp\/v2\/comments?post=2"}],"version-history":[{"count":7,"href":"https:\/\/cranop.competencex.fi\/lms\/wp-json\/wp\/v2\/pages\/2\/revisions"}],"predecessor-version":[{"id":152,"href":"https:\/\/cranop.competencex.fi\/lms\/wp-json\/wp\/v2\/pages\/2\/revisions\/152"}],"wp:attachment":[{"href":"https:\/\/cranop.competencex.fi\/lms\/wp-json\/wp\/v2\/media?parent=2"}],"curies":[{"name":"wp","href":"https:\/\/api.w.org\/{rel}","templated":true}]}}