{"id":234,"date":"2025-12-19T13:08:26","date_gmt":"2025-12-19T11:08:26","guid":{"rendered":"https:\/\/cranop.competencex.fi\/lms\/?post_type=product&#038;p=234"},"modified":"2026-02-15T18:57:05","modified_gmt":"2026-02-15T16:57:05","slug":"turvallinen-nostotyo-taakankiinnittajan-koulutus","status":"publish","type":"product","link":"https:\/\/cranop.competencex.fi\/lms\/tuote\/turvallinen-nostotyo-taakankiinnittajan-koulutus\/","title":{"rendered":"Turvallinen nostoty\u00f6 \u2014 taakankiinnitt\u00e4j\u00e4n koulutus"},"content":{"rendered":"<p>T\u00e4m\u00e4 kurssi antaa osallistujille k\u00e4yt\u00e4nn\u00f6nl\u00e4heisen ja lains\u00e4\u00e4d\u00e4nn\u00f6n mukaisen osaamisen taakankiinnitt\u00e4j\u00e4n teht\u00e4viss\u00e4 Ruotsia koskevien vaatimusten (mm. Arbetsmilj\u00f6verket) mukaisesti. Koulutuksen tavoitteena on varmistaa, ett\u00e4 nostoty\u00f6t suunnitellaan, valmistellaan ja toteutetaan turvallisesti, kuormat kiinnitet\u00e4\u00e4n oikein ja vastuut tunnistetaan sek\u00e4 dokumentoidaan asianmukaisesti.<\/p>\n","protected":false},"excerpt":{"rendered":"<p>T\u00e4m\u00e4 kurssi antaa osallistujille k\u00e4yt\u00e4nn\u00f6nl\u00e4heisen ja lains\u00e4\u00e4d\u00e4nn\u00f6n mukaisen osaamisen taakankiinnitt\u00e4j\u00e4n teht\u00e4viss\u00e4 Ruotsia koskevien vaatimusten (mm. Arbetsmilj\u00f6verket) mukaisesti. Koulutuksen tavoitteena on varmistaa, ett\u00e4 nostoty\u00f6t suunnitellaan, valmistellaan&hellip;<\/p>\n","protected":false},"featured_media":222,"template":"","meta":[],"product_brand":[],"product_cat":[62],"product_tag":[],"class_list":{"0":"post-234","1":"product","2":"type-product","3":"status-publish","4":"has-post-thumbnail","6":"product_cat-taakansitoja","8":"first","9":"instock","10":"virtual","11":"sold-individually","12":"taxable","13":"purchasable","14":"product-type-simple"},"_links":{"self":[{"href":"https:\/\/cranop.competencex.fi\/lms\/wp-json\/wp\/v2\/product\/234","targetHints":{"allow":["GET"]}}],"collection":[{"href":"https:\/\/cranop.competencex.fi\/lms\/wp-json\/wp\/v2\/product"}],"about":[{"href":"https:\/\/cranop.competencex.fi\/lms\/wp-json\/wp\/v2\/types\/product"}],"wp:featuredmedia":[{"embeddable":true,"href":"https:\/\/cranop.competencex.fi\/lms\/wp-json\/wp\/v2\/media\/222"}],"wp:attachment":[{"href":"https:\/\/cranop.competencex.fi\/lms\/wp-json\/wp\/v2\/media?parent=234"}],"wp:term":[{"taxonomy":"product_brand","embeddable":true,"href":"https:\/\/cranop.competencex.fi\/lms\/wp-json\/wp\/v2\/product_brand?post=234"},{"taxonomy":"product_cat","embeddable":true,"href":"https:\/\/cranop.competencex.fi\/lms\/wp-json\/wp\/v2\/product_cat?post=234"},{"taxonomy":"product_tag","embeddable":true,"href":"https:\/\/cranop.competencex.fi\/lms\/wp-json\/wp\/v2\/product_tag?post=234"}],"curies":[{"name":"wp","href":"https:\/\/api.w.org\/{rel}","templated":true}]}}